{"id":57,"date":"2022-09-05T14:54:06","date_gmt":"2022-09-05T12:54:06","guid":{"rendered":"http:\/\/xokzdjr.cluster030.hosting.ovh.net\/?page_id=57"},"modified":"2025-12-03T08:38:41","modified_gmt":"2025-12-03T07:38:41","slug":"tarifs","status":"publish","type":"page","link":"https:\/\/www.touch-energy.com\/en\/prices-timetable\/","title":{"rendered":"Prices & Timetable"},"content":{"rendered":"\r\n<h2 class=\"wp-block-heading\">Prices<\/h2>\r\n\r\n\r\n\r\n<figure class=\"wp-block-table\">\r\n<table>\r\n<thead>\r\n<tr>\r\n<th class=\"has-text-align-right\" data-align=\"right\">&nbsp;<\/th>\r\n<th class=\"has-text-align-center\" data-align=\"center\">Duration<\/th>\r\n<th class=\"has-text-align-center\" data-align=\"center\">Price<\/th>\r\n<\/tr>\r\n<\/thead>\r\n<tbody>\r\n<tr>\r\n<td class=\"has-text-align-right\" data-align=\"right\"><a href=\"\/en\/massage-amma\/\">Seated Amma massage<\/a><\/td>\r\n<td class=\"has-text-align-center\" data-align=\"center\">20 min<\/td>\r\n<td class=\"has-text-align-center\" data-align=\"center\">25 \u20ac<\/td>\r\n<\/tr>\r\n<tr>\r\n<td class=\"has-text-align-right\" data-align=\"right\"><a href=\"\/en\/massage-amma\/\">Amma table massage<\/a><\/td>\r\n<td class=\"has-text-align-center\" data-align=\"center\">1h &#8211; 1h30<\/td>\r\n<td class=\"has-text-align-center\" data-align=\"center\">60 \u20ac<\/td>\r\n<\/tr>\r\n<tr>\r\n<td class=\"has-text-align-right\" data-align=\"right\"><a href=\"\/en\/reiki-care\/\">Reiki<\/a><\/td>\r\n<td class=\"has-text-align-center\" data-align=\"center\">1 h<\/td>\r\n<td class=\"has-text-align-center\" data-align=\"center\">60 \u20ac<\/td>\r\n<\/tr>\r\n<\/tbody>\r\n<\/table>\r\n<mark class=\"has-inline-color has-primary-color\" style=\"background-color: rgba(0, 0, 0, 0);\"><strong>Cancellation policy<\/strong><\/mark> : an appointment at Touch&#8217;Energy is refunded if the cancellation is made 48 hours before the session at the latest. If the cancellation request is made within 48 hours or if the appointment is not honoured, the session is invoiced at 50%.<\/figure>\r\n\r\n\r\n\r\n\r\n\r\n\r\n\r\n<p class=\"has-text-align-center\"><mark class=\"has-inline-color has-primary-color\" style=\"background-color: rgba(0, 0, 0, 0);\"><strong>In-company services<\/strong><\/mark> : for this type of request, please contact Touch&#8217;Energy.<\/p>\r\n\r\n\r\n\r\n<div class=\"wp-block-buttons is-content-justification-center is-layout-flex wp-container-core-buttons-is-layout-16018d1d wp-block-buttons-is-layout-flex\">\r\n\r\n\r\n<div class=\"wp-block-button\"><a class=\"wp-block-button__link\" href=\"\/en\/contact-us\/\">Contact us<\/a><\/div>\r\n\r\n\r\n<\/div>\r\n\r\n\r\n\r\n\r\n<hr class=\"wp-block-separator has-alpha-channel-opacity\" \/>\r\n\r\n\r\n\r\n\r\n<h2 class=\"wp-block-heading\">Opening hours<\/h2>\r\n\r\n\r\n\r\n<figure class=\"wp-block-table is-style-regular\">\r\n<table style=\"height: 121px;\" width=\"265\">\r\n<thead>\r\n<tr>\r\n<th>&nbsp;<\/th>\r\n<th class=\"has-text-align-center\" data-align=\"center\">France<\/th>\r\n<\/tr>\r\n<\/thead>\r\n<tbody>\r\n<tr>\r\n<td>Wednesday<\/td>\r\n<td class=\"has-text-align-center\" data-align=\"center\">13h &#8211; 18h<\/td>\r\n<\/tr>\r\n<tr>\r\n<td>Friday<\/td>\r\n<td class=\"has-text-align-center\" data-align=\"center\">13h &#8211; 18h<\/td>\r\n<\/tr>\r\n<tr>\r\n<td>Saturday<\/td>\r\n<td class=\"has-text-align-center\" data-align=\"center\">8h &#8211; 12h et 13h &#8211; 18h<\/td>\r\n<\/tr>\r\n<\/tbody>\r\n<\/table>\r\n<\/figure>\r\n\r\n\r\n\r\n<p class=\"has-text-align-center\"><mark class=\"has-inline-color has-primary-color\" style=\"background-color: rgba(0, 0, 0, 0);\"><strong>Flexible time slot<\/strong><\/mark> : please contact Touch&#8217;Energy for any request for a personalised time slot.<\/p>\r\n\r\n\r\n\r\n<div class=\"wp-block-buttons is-content-justification-center is-layout-flex wp-container-core-buttons-is-layout-16018d1d wp-block-buttons-is-layout-flex\">\r\n\r\n\r\n<div class=\"wp-block-button\"><a class=\"wp-block-button__link\" href=\"\/en\/contact-us\/\">Contact us<\/a><\/div>\r\n\r\n\r\n<\/div>\r\n","protected":false},"excerpt":{"rendered":"<p>Prices &nbsp; Duration Price Seated Amma massage 20 min 25 \u20ac Amma table massage 1h &#8211; 1h30 60 \u20ac Reiki 1 h 60 \u20ac Cancellation policy : an appointment at Touch&#8217;Energy is refunded if the cancellation is made 48 hours before the session at the latest. If the cancellation request is made within 48 hours [&hellip;]<\/p>\n","protected":false},"author":1,"featured_media":0,"parent":0,"menu_order":0,"comment_status":"closed","ping_status":"closed","template":"","meta":{"footnotes":""},"class_list":["post-57","page","type-page","status-publish","hentry"],"yoast_head":"<!-- This site is optimized with the Yoast SEO plugin v26.6 - https:\/\/yoast.com\/wordpress\/plugins\/seo\/ -->\n<title>Prices &amp; Timetable | Touch&#039;Energy<\/title>\n<meta name=\"description\" content=\"Prices &nbsp; Duration Price Seated Amma massage 20 min 25 \u20ac Amma table massage 1h - 1h30 60 \u20ac Reiki 1 h 60 \u20ac Cancellation policy : an appointment at Touch&#039;Energy is refunded if the cancellation is made 48 hours before the session at the latest. If the cancellation request is made within 48 hours&hellip;\" \/>\n<meta name=\"robots\" content=\"index, follow, max-snippet:-1, max-image-preview:large, max-video-preview:-1\" \/>\n<link rel=\"canonical\" href=\"\" \/>\n<meta property=\"og:locale\" content=\"en_GB\" \/>\n<meta property=\"og:type\" content=\"article\" \/>\n<meta property=\"og:title\" content=\"Prices &amp; Timetable | Touch&#039;Energy\" \/>\n<meta property=\"og:description\" content=\"Prices &nbsp; Duration Price Seated Amma massage 20 min 25 \u20ac Amma table massage 1h - 1h30 60 \u20ac Reiki 1 h 60 \u20ac Cancellation policy : an appointment at Touch&#039;Energy is refunded if the cancellation is made 48 hours before the session at the latest. If the cancellation request is made within 48 hours&hellip;\" \/>\n<meta property=\"og:url\" content=\"https:\/\/www.touch-energy.com\/en\/prices-timetable\/\" \/>\n<meta property=\"og:site_name\" content=\"Touch&#039;Energy\" \/>\n<meta property=\"article:publisher\" content=\"https:\/\/www.facebook.com\/touchenergyjf\/\" \/>\n<meta property=\"article:modified_time\" content=\"2025-12-03T07:38:41+00:00\" \/>\n<meta property=\"og:image\" content=\"https:\/\/www.touch-energy.com\/wp-content\/uploads\/2022\/09\/logo-touchenergy-jerome-finck.webp\" \/>\n\t<meta property=\"og:image:width\" content=\"140\" \/>\n\t<meta property=\"og:image:height\" content=\"160\" \/>\n\t<meta property=\"og:image:type\" content=\"image\/webp\" \/>\n<meta name=\"twitter:card\" content=\"summary_large_image\" \/>\n<meta name=\"twitter:site\" content=\"@FinckJerome\" \/>\n<script type=\"application\/ld+json\" class=\"yoast-schema-graph\">{\"@context\":\"https:\/\/schema.org\",\"@graph\":[{\"@type\":\"WebPage\",\"@id\":\"https:\/\/www.touch-energy.com\/en\/en\/prices-timetable\/\",\"url\":\"https:\/\/www.touch-energy.com\/en\/en\/prices-timetable\/\",\"name\":\"Tarifs & Horaires | Touch&#039;Energy\",\"isPartOf\":{\"@id\":\"https:\/\/www.touch-energy.com\/#website\"},\"datePublished\":\"2022-09-05T12:54:06+00:00\",\"dateModified\":\"2025-12-03T07:38:41+00:00\",\"description\":\"D\u00e9couvrez les tarifs pratiqu\u00e9s par Touch'Energy pour les particuliers et les professionnels, et la dur\u00e9e des prestations.\",\"breadcrumb\":{\"@id\":\"https:\/\/www.touch-energy.com\/en\/prices-timetable\/#breadcrumb\"},\"inLanguage\":\"en-GB\",\"potentialAction\":[{\"@type\":\"ReadAction\",\"target\":[\"https:\/\/www.touch-energy.com\/en\/prices-timetable\/\"]}]},{\"@type\":\"BreadcrumbList\",\"@id\":\"https:\/\/www.touch-energy.com\/en\/prices-timetable\/#breadcrumb\",\"itemListElement\":[{\"@type\":\"ListItem\",\"position\":1,\"name\":\"Welcome\",\"item\":\"https:\/\/www.touch-energy.com\/\"},{\"@type\":\"ListItem\",\"position\":2,\"name\":\"Prices & Timetable\"}]},{\"@type\":\"WebSite\",\"@id\":\"https:\/\/www.touch-energy.com\/en\/#website\",\"url\":\"https:\/\/www.touch-energy.com\/en\/\",\"name\":\"Touch&#039;Energy\",\"description\":\"Massage Amma et Reiki \u00e0 Mulhouse, Belfort et B\u00e2les\",\"publisher\":{\"@id\":\"https:\/\/www.touch-energy.com\/en\/#organization\"},\"potentialAction\":[{\"@type\":\"SearchAction\",\"target\":{\"@type\":\"EntryPoint\",\"urlTemplate\":\"https:\/\/www.touch-energy.com\/en\/?s={search_term_string}\"},\"query-input\":{\"@type\":\"PropertyValueSpecification\",\"valueRequired\":true,\"valueName\":\"search_term_string\"}}],\"inLanguage\":\"en-GB\"},{\"@type\":\"Organization\",\"@id\":\"https:\/\/www.touch-energy.com\/en\/#organization\",\"name\":\"Touch'Energy\",\"url\":\"https:\/\/www.touch-energy.com\/en\/\",\"logo\":{\"@type\":\"ImageObject\",\"inLanguage\":\"en-GB\",\"@id\":\"https:\/\/www.touch-energy.com\/en\/#\/schema\/logo\/image\/\",\"url\":\"https:\/\/www.touch-energy.com\/wp-content\/uploads\/2022\/09\/favicon-touchenergy-jerome-finck.webp\",\"contentUrl\":\"https:\/\/www.touch-energy.com\/wp-content\/uploads\/2022\/09\/favicon-touchenergy-jerome-finck.webp\",\"width\":140,\"height\":137,\"caption\":\"Touch'Energy\"},\"image\":{\"@id\":\"https:\/\/www.touch-energy.com\/en\/#\/schema\/logo\/image\/\"},\"sameAs\":[\"https:\/\/www.facebook.com\/touchenergyjf\/\",\"https:\/\/x.com\/FinckJerome\",\"https:\/\/www.instagram.com\/touchenergy5\/\"]}]}<\/script>\n<!-- \/ Yoast SEO plugin. -->","yoast_head_json":{"title":"Prices & Timetable | Touch&#039;Energy","description":"Prices &nbsp; Duration Price Seated Amma massage 20 min 25 \u20ac Amma table massage 1h - 1h30 60 \u20ac Reiki 1 h 60 \u20ac Cancellation policy : an appointment at Touch'Energy is refunded if the cancellation is made 48 hours before the session at the latest. If the cancellation request is made within 48 hours&hellip;","robots":{"index":"index","follow":"follow","max-snippet":"max-snippet:-1","max-image-preview":"max-image-preview:large","max-video-preview":"max-video-preview:-1"},"canonical":"Prices &nbsp; Duration Price Seated Amma massage 20 min 25 \u20ac Amma table massage 1h - 1h30 60 \u20ac Reiki 1 h 60 \u20ac Cancellation policy : an appointment at Touch'Energy is refunded if the cancellation is made 48 hours before the session at the latest. If the cancellation request is made within 48 hours&hellip;","og_locale":"en_GB","og_type":"article","og_title":"Prices & Timetable | Touch&#039;Energy","og_description":"Prices &nbsp; Duration Price Seated Amma massage 20 min 25 \u20ac Amma table massage 1h - 1h30 60 \u20ac Reiki 1 h 60 \u20ac Cancellation policy : an appointment at Touch'Energy is refunded if the cancellation is made 48 hours before the session at the latest. If the cancellation request is made within 48 hours&hellip;","og_url":"https:\/\/www.touch-energy.com\/en\/prices-timetable\/","og_site_name":"Touch&#039;Energy","article_publisher":"https:\/\/www.facebook.com\/touchenergyjf\/","article_modified_time":"2025-12-03T07:38:41+00:00","og_image":[{"width":140,"height":160,"url":"https:\/\/www.touch-energy.com\/wp-content\/uploads\/2022\/09\/logo-touchenergy-jerome-finck.webp","type":"image\/webp"}],"twitter_card":"summary_large_image","twitter_site":"@FinckJerome","schema":{"@context":"https:\/\/schema.org","@graph":[{"@type":"WebPage","@id":"https:\/\/www.touch-energy.com\/en\/en\/prices-timetable\/","url":"https:\/\/www.touch-energy.com\/en\/en\/prices-timetable\/","name":"Tarifs & Horaires | Touch&#039;Energy","isPartOf":{"@id":"https:\/\/www.touch-energy.com\/#website"},"datePublished":"2022-09-05T12:54:06+00:00","dateModified":"2025-12-03T07:38:41+00:00","description":"D\u00e9couvrez les tarifs pratiqu\u00e9s par Touch'Energy pour les particuliers et les professionnels, et la dur\u00e9e des prestations.","breadcrumb":{"@id":"https:\/\/www.touch-energy.com\/en\/prices-timetable\/#breadcrumb"},"inLanguage":"en-GB","potentialAction":[{"@type":"ReadAction","target":["https:\/\/www.touch-energy.com\/en\/prices-timetable\/"]}]},{"@type":"BreadcrumbList","@id":"https:\/\/www.touch-energy.com\/en\/prices-timetable\/#breadcrumb","itemListElement":[{"@type":"ListItem","position":1,"name":"Welcome","item":"https:\/\/www.touch-energy.com\/"},{"@type":"ListItem","position":2,"name":"Prices & Timetable"}]},{"@type":"WebSite","@id":"https:\/\/www.touch-energy.com\/en\/#website","url":"https:\/\/www.touch-energy.com\/en\/","name":"Touch&#039;Energy","description":"Massage Amma et Reiki \u00e0 Mulhouse, Belfort et B\u00e2les","publisher":{"@id":"https:\/\/www.touch-energy.com\/en\/#organization"},"potentialAction":[{"@type":"SearchAction","target":{"@type":"EntryPoint","urlTemplate":"https:\/\/www.touch-energy.com\/en\/?s={search_term_string}"},"query-input":{"@type":"PropertyValueSpecification","valueRequired":true,"valueName":"search_term_string"}}],"inLanguage":"en-GB"},{"@type":"Organization","@id":"https:\/\/www.touch-energy.com\/en\/#organization","name":"Touch'Energy","url":"https:\/\/www.touch-energy.com\/en\/","logo":{"@type":"ImageObject","inLanguage":"en-GB","@id":"https:\/\/www.touch-energy.com\/en\/#\/schema\/logo\/image\/","url":"https:\/\/www.touch-energy.com\/wp-content\/uploads\/2022\/09\/favicon-touchenergy-jerome-finck.webp","contentUrl":"https:\/\/www.touch-energy.com\/wp-content\/uploads\/2022\/09\/favicon-touchenergy-jerome-finck.webp","width":140,"height":137,"caption":"Touch'Energy"},"image":{"@id":"https:\/\/www.touch-energy.com\/en\/#\/schema\/logo\/image\/"},"sameAs":["https:\/\/www.facebook.com\/touchenergyjf\/","https:\/\/x.com\/FinckJerome","https:\/\/www.instagram.com\/touchenergy5\/"]}]}},"_links":{"self":[{"href":"https:\/\/www.touch-energy.com\/en\/wp-json\/wp\/v2\/pages\/57","targetHints":{"allow":["GET"]}}],"collection":[{"href":"https:\/\/www.touch-energy.com\/en\/wp-json\/wp\/v2\/pages"}],"about":[{"href":"https:\/\/www.touch-energy.com\/en\/wp-json\/wp\/v2\/types\/page"}],"author":[{"embeddable":true,"href":"https:\/\/www.touch-energy.com\/en\/wp-json\/wp\/v2\/users\/1"}],"replies":[{"embeddable":true,"href":"https:\/\/www.touch-energy.com\/en\/wp-json\/wp\/v2\/comments?post=57"}],"version-history":[{"count":2,"href":"https:\/\/www.touch-energy.com\/en\/wp-json\/wp\/v2\/pages\/57\/revisions"}],"predecessor-version":[{"id":810,"href":"https:\/\/www.touch-energy.com\/en\/wp-json\/wp\/v2\/pages\/57\/revisions\/810"}],"wp:attachment":[{"href":"https:\/\/www.touch-energy.com\/en\/wp-json\/wp\/v2\/media?parent=57"}],"curies":[{"name":"wp","href":"https:\/\/api.w.org\/{rel}","templated":true}]}}