{"id":34,"date":"2022-09-05T13:29:59","date_gmt":"2022-09-05T11:29:59","guid":{"rendered":"http:\/\/xokzdjr.cluster030.hosting.ovh.net\/?page_id=34"},"modified":"2022-10-17T15:21:22","modified_gmt":"2022-10-17T13:21:22","slug":"a-propos","status":"publish","type":"page","link":"https:\/\/www.touch-energy.com\/en\/about\/","title":{"rendered":"About"},"content":{"rendered":"\r\n<div class=\"wp-block-columns are-vertically-aligned-center is-layout-flex wp-container-core-columns-is-layout-9d6595d7 wp-block-columns-is-layout-flex\">\r\n\r\n\r\n<div class=\"wp-block-column is-vertically-aligned-center is-layout-flow wp-block-column-is-layout-flow\" style=\"flex-basis: 75%;\">\r\n\r\n\r\n<h2 class=\"wp-block-heading\">Presentation and discovery of therapeutic practices<\/h2>\r\n\r\n\r\n\r\n\r\nMy name is J\u00e9r\u00f4me Finck, and I am a therapist specialised in Reiki and <a href=\"\/en\/massage-amma\/\"><strong>Amma seated and lying massage<\/strong><\/a>.\r\n\r\n\r\n\r\n\r\n\r\nIt is thanks to the intensive practice of sport and its injuries that I had the chance to discover multiple healing techniques allowing me today to accompany people.\r\n\r\n\r\n\r\n\r\n\r\nThe discovery and the practice in 2017 during one year of the practice of Shiatsu within the school ZANSHIN SHIATSU DO in Mulhouse motivated me to deepen this technique.\r\n\r\n\r\n\r\n\r\n\r\nDuring the same year 2017, I discovered the technique of <strong>Traditional Usui <a href=\"\/en\/reiki-care\/\">Reiki<\/a><\/strong> with Reiki Master Verena Werquin with whom I was initiated to the first degree until the master teacher in 2019.\r\n\r\n\r\n\r\n<\/div>\r\n\r\n\r\n\r\n<div class=\"wp-block-column is-vertically-aligned-center is-layout-flow wp-block-column-is-layout-flow\" style=\"flex-basis: 25%;\">\r\n\r\n\r\n<figure class=\"wp-block-image size-large\"><img fetchpriority=\"high\" decoding=\"async\" width=\"768\" height=\"1024\" class=\"wp-image-189\" src=\"http:\/\/xokzdjr.cluster030.hosting.ovh.net\/wp-content\/uploads\/2022\/09\/Jerome-Finck-massage-reiki-1-768x1024.jpg\" alt=\"Photo portrait J\u00e9r\u00f4me Finck\" srcset=\"\/wp-content\/uploads\/2022\/09\/Jerome-Finck-massage-reiki-1-768x1024.jpg 768w, \/wp-content\/uploads\/2022\/09\/Jerome-Finck-massage-reiki-1-225x300.jpg 225w, \/wp-content\/uploads\/2022\/09\/Jerome-Finck-massage-reiki-1.jpg 960w\" sizes=\"(max-width: 768px) 100vw, 768px\" \/>\r\n<figcaption>J\u00e9r\u00f4me Finck<\/figcaption><\/figure>\r\n\r\n\r\n<\/div>\r\n\r\n\r\n<\/div>\r\n\r\n\r\n\r\n<h2 class=\"wp-block-heading\">Training at Xavier Court<\/h2>\r\n\r\n\r\n\r\n\r\nMotivated by acupressure treatments, I trained and certified in Amma Assis massage at <a href=\"https:\/\/www.xaviercourt.com\/\">Xavier Court school<\/a> in 2019. Xavier Court offers massage courses following <strong>the technique taught by <a href=\"http:\/\/touchpro.com\/\">David Palmer<\/a><\/strong>, with whom I was able to perfect my practice by participating in several of his masterclasses in 2019 and 2022. In 2020, I continued to train in <a href=\"https:\/\/www.xaviercourt.com\/les-formations\/amma-allonge\/\">lying Amma massage<\/a> at the Xavier Court school with Michael Zimmermann (who trained directly with <a href=\"http:\/\/touchpro.com\/about-touchpro\/touchpro-founder-david-palmer\/\">David Palmer<\/a>), and then I did take my certification in 2021 followed by an advanced course covering additional techniques.\r\n\r\n\r\n\r\n\r\n\r\nI also trained in conscious and non-violent communication (CNV) with <a href=\"http:\/\/www.artdelarelation.com\/biographie\/\">Sylvie Braun<\/a> in Lutterbach in 2018.\r\n\r\n\r\n\r\n\r\n<div class=\"wp-block-spacer\" style=\"height: 15px;\" aria-hidden=\"true\">&nbsp;<\/div>\r\n\r\n\r\n\r\n<div class=\"wp-block-columns is-layout-flex wp-container-core-columns-is-layout-9d6595d7 wp-block-columns-is-layout-flex\">\r\n\r\n\r\n<div class=\"wp-block-column is-vertically-aligned-center is-layout-flow wp-block-column-is-layout-flow\" style=\"flex-basis: 33.33%;\">\r\n\r\n\r\n<figure class=\"wp-block-image alignwide size-large is-style-rounded\"><img decoding=\"async\" width=\"1024\" height=\"1001\" class=\"wp-image-236\" src=\"http:\/\/xokzdjr.cluster030.hosting.ovh.net\/wp-content\/uploads\/2022\/09\/David-Palmer-et-Jerome-Finck-1024x1001.jpg\" alt=\"Photo portrait David Palmer et J\u00e9r\u00f4me Finck\" srcset=\"\/wp-content\/uploads\/2022\/09\/David-Palmer-et-Jerome-Finck-1024x1001.jpg 1024w, \/wp-content\/uploads\/2022\/09\/David-Palmer-et-Jerome-Finck-300x293.jpg 300w, \/wp-content\/uploads\/2022\/09\/David-Palmer-et-Jerome-Finck-768x750.jpg 768w, \/wp-content\/uploads\/2022\/09\/David-Palmer-et-Jerome-Finck.jpg 1048w\" sizes=\"(max-width: 1024px) 100vw, 1024px\" \/>\r\n<figcaption>David Palmer &amp; J\u00e9r\u00f4me Finck<\/figcaption><\/figure>\r\n\r\n\r\n<\/div>\r\n\r\n\r\n\r\n<div class=\"wp-block-column is-vertically-aligned-center is-layout-flow wp-block-column-is-layout-flow\" style=\"flex-basis: 66.66%;\">\r\n\r\n\r\n<h2 class=\"wp-block-heading\">Reconnecting to the body and language<\/h2>\r\n\r\n\r\n\r\n\r\nAs a massage therapist under the name of <strong>Touch&#8217;Energy<\/strong>, I like to encourage clients to listen to their bodies and discover their power of self-healing. I like to bridge the gap between western and alternative medicine in a safe and supportive atmosphere.\r\n\r\n\r\n\r\n\r\n\r\nFluent in English, German and French, which is my native language, <strong>I work in my practice, at home or in companies<\/strong>.\r\n\r\n\r\n\r\n<\/div>\r\n\r\n\r\n<\/div>\r\n","protected":false},"excerpt":{"rendered":"<p>Presentation and discovery of therapeutic practices My name is J\u00e9r\u00f4me Finck, and I am a therapist specialised in Reiki and Amma seated and lying massage. It is thanks to the intensive practice of sport and its injuries that I had the chance to discover multiple healing techniques allowing me today to accompany people. The discovery [&hellip;]<\/p>\n","protected":false},"author":1,"featured_media":0,"parent":0,"menu_order":0,"comment_status":"closed","ping_status":"closed","template":"","meta":{"footnotes":""},"class_list":["post-34","page","type-page","status-publish","hentry"],"yoast_head":"<!-- This site is optimized with the Yoast SEO plugin v26.6 - https:\/\/yoast.com\/wordpress\/plugins\/seo\/ -->\n<title>About | Touch&#039;Energy<\/title>\n<meta name=\"description\" content=\"Presentation and discovery of therapeutic practices My name is J\u00e9r\u00f4me Finck, and I am a therapist specialised in Reiki and Amma seated and lying massage. It is thanks to the intensive practice of sport and its injuries that I had the chance to discover multiple healing techniques allowing me today to accompany people. The discovery&hellip;\" \/>\n<meta name=\"robots\" content=\"index, follow, max-snippet:-1, max-image-preview:large, max-video-preview:-1\" \/>\n<link rel=\"canonical\" href=\"http:\/\/Presentation%20and%20discovery%20of%20therapeutic%20practices%20My%20name%20is%20J\u00e9r\u00f4me%20Finck,%20and%20I%20am%20a%20therapist%20specialised%20in%20Reiki%20and%20Amma%20seated%20and%20lying%20massage.%20It%20is%20thanks%20to%20the%20intensive%20practice%20of%20sport%20and%20its%20injuries%20that%20I%20had%20the%20chance%20to%20discover%20multiple%20healing%20techniques%20allowing%20me%20today%20to%20accompany%20people.%20The%20discovery&hellip;\" \/>\n<meta property=\"og:locale\" content=\"en_GB\" \/>\n<meta property=\"og:type\" content=\"article\" \/>\n<meta property=\"og:title\" content=\"About | Touch&#039;Energy\" \/>\n<meta property=\"og:description\" content=\"Presentation and discovery of therapeutic practices My name is J\u00e9r\u00f4me Finck, and I am a therapist specialised in Reiki and Amma seated and lying massage. It is thanks to the intensive practice of sport and its injuries that I had the chance to discover multiple healing techniques allowing me today to accompany people. The discovery&hellip;\" \/>\n<meta property=\"og:url\" content=\"https:\/\/www.touch-energy.com\/en\/about\/\" \/>\n<meta property=\"og:site_name\" content=\"Touch&#039;Energy\" \/>\n<meta property=\"article:publisher\" content=\"https:\/\/www.facebook.com\/touchenergyjf\/\" \/>\n<meta property=\"article:modified_time\" content=\"2022-10-17T13:21:22+00:00\" \/>\n<meta property=\"og:image\" content=\"http:\/\/xokzdjr.cluster030.hosting.ovh.net\/wp-content\/uploads\/2022\/09\/Jerome-Finck-massage-reiki-1-768x1024.jpg\" \/>\n<meta name=\"twitter:card\" content=\"summary_large_image\" \/>\n<meta name=\"twitter:site\" content=\"@FinckJerome\" \/>\n<meta name=\"twitter:label1\" content=\"Est. reading time\" \/>\n\t<meta name=\"twitter:data1\" content=\"2 minutes\" \/>\n<script type=\"application\/ld+json\" class=\"yoast-schema-graph\">{\"@context\":\"https:\/\/schema.org\",\"@graph\":[{\"@type\":\"WebPage\",\"@id\":\"https:\/\/www.touch-energy.com\/en\/en\/about\/\",\"url\":\"https:\/\/www.touch-energy.com\/en\/en\/about\/\",\"name\":\"\u00c0 propos | Touch&#039;Energy\",\"isPartOf\":{\"@id\":\"https:\/\/www.touch-energy.com\/#website\"},\"primaryImageOfPage\":{\"@id\":\"https:\/\/www.touch-energy.com\/en\/about\/#primaryimage\"},\"image\":{\"@id\":\"https:\/\/www.touch-energy.com\/en\/about\/#primaryimage\"},\"thumbnailUrl\":\"http:\/\/xokzdjr.cluster030.hosting.ovh.net\/wp-content\/uploads\/2022\/09\/Jerome-Finck-massage-reiki-1-768x1024.jpg\",\"datePublished\":\"2022-09-05T11:29:59+00:00\",\"dateModified\":\"2022-10-17T13:21:22+00:00\",\"description\":\"D\u00e9couvrez qui est J\u00e9r\u00f4me Finck de Touch'Energy : un th\u00e9rapeute sp\u00e9cialis\u00e9 en soin Reiki et en massage Amma assis et allong\u00e9 sur table.\",\"breadcrumb\":{\"@id\":\"https:\/\/www.touch-energy.com\/en\/about\/#breadcrumb\"},\"inLanguage\":\"en-GB\",\"potentialAction\":[{\"@type\":\"ReadAction\",\"target\":[\"https:\/\/www.touch-energy.com\/en\/about\/\"]}]},{\"@type\":\"ImageObject\",\"inLanguage\":\"en-GB\",\"@id\":\"https:\/\/www.touch-energy.com\/en\/about\/#primaryimage\",\"url\":\"http:\/\/xokzdjr.cluster030.hosting.ovh.net\/wp-content\/uploads\/2022\/09\/Jerome-Finck-massage-reiki-1-768x1024.jpg\",\"contentUrl\":\"http:\/\/xokzdjr.cluster030.hosting.ovh.net\/wp-content\/uploads\/2022\/09\/Jerome-Finck-massage-reiki-1-768x1024.jpg\"},{\"@type\":\"BreadcrumbList\",\"@id\":\"https:\/\/www.touch-energy.com\/en\/about\/#breadcrumb\",\"itemListElement\":[{\"@type\":\"ListItem\",\"position\":1,\"name\":\"Welcome\",\"item\":\"https:\/\/www.touch-energy.com\/\"},{\"@type\":\"ListItem\",\"position\":2,\"name\":\"About\"}]},{\"@type\":\"WebSite\",\"@id\":\"https:\/\/www.touch-energy.com\/en\/#website\",\"url\":\"https:\/\/www.touch-energy.com\/en\/\",\"name\":\"Touch&#039;Energy\",\"description\":\"Massage Amma et Reiki \u00e0 Mulhouse, Belfort et B\u00e2les\",\"publisher\":{\"@id\":\"https:\/\/www.touch-energy.com\/en\/#organization\"},\"potentialAction\":[{\"@type\":\"SearchAction\",\"target\":{\"@type\":\"EntryPoint\",\"urlTemplate\":\"https:\/\/www.touch-energy.com\/en\/?s={search_term_string}\"},\"query-input\":{\"@type\":\"PropertyValueSpecification\",\"valueRequired\":true,\"valueName\":\"search_term_string\"}}],\"inLanguage\":\"en-GB\"},{\"@type\":\"Organization\",\"@id\":\"https:\/\/www.touch-energy.com\/en\/#organization\",\"name\":\"Touch'Energy\",\"url\":\"https:\/\/www.touch-energy.com\/en\/\",\"logo\":{\"@type\":\"ImageObject\",\"inLanguage\":\"en-GB\",\"@id\":\"https:\/\/www.touch-energy.com\/en\/#\/schema\/logo\/image\/\",\"url\":\"https:\/\/www.touch-energy.com\/wp-content\/uploads\/2022\/09\/favicon-touchenergy-jerome-finck.webp\",\"contentUrl\":\"https:\/\/www.touch-energy.com\/wp-content\/uploads\/2022\/09\/favicon-touchenergy-jerome-finck.webp\",\"width\":140,\"height\":137,\"caption\":\"Touch'Energy\"},\"image\":{\"@id\":\"https:\/\/www.touch-energy.com\/en\/#\/schema\/logo\/image\/\"},\"sameAs\":[\"https:\/\/www.facebook.com\/touchenergyjf\/\",\"https:\/\/x.com\/FinckJerome\",\"https:\/\/www.instagram.com\/touchenergy5\/\"]}]}<\/script>\n<!-- \/ Yoast SEO plugin. -->","yoast_head_json":{"title":"About | Touch&#039;Energy","description":"Presentation and discovery of therapeutic practices My name is J\u00e9r\u00f4me Finck, and I am a therapist specialised in Reiki and Amma seated and lying massage. It is thanks to the intensive practice of sport and its injuries that I had the chance to discover multiple healing techniques allowing me today to accompany people. The discovery&hellip;","robots":{"index":"index","follow":"follow","max-snippet":"max-snippet:-1","max-image-preview":"max-image-preview:large","max-video-preview":"max-video-preview:-1"},"canonical":"Presentation and discovery of therapeutic practices My name is J\u00e9r\u00f4me Finck, and I am a therapist specialised in Reiki and Amma seated and lying massage. It is thanks to the intensive practice of sport and its injuries that I had the chance to discover multiple healing techniques allowing me today to accompany people. The discovery&hellip;","og_locale":"en_GB","og_type":"article","og_title":"About | Touch&#039;Energy","og_description":"Presentation and discovery of therapeutic practices My name is J\u00e9r\u00f4me Finck, and I am a therapist specialised in Reiki and Amma seated and lying massage. It is thanks to the intensive practice of sport and its injuries that I had the chance to discover multiple healing techniques allowing me today to accompany people. The discovery&hellip;","og_url":"https:\/\/www.touch-energy.com\/en\/about\/","og_site_name":"Touch&#039;Energy","article_publisher":"https:\/\/www.facebook.com\/touchenergyjf\/","article_modified_time":"2022-10-17T13:21:22+00:00","og_image":[{"url":"http:\/\/xokzdjr.cluster030.hosting.ovh.net\/wp-content\/uploads\/2022\/09\/Jerome-Finck-massage-reiki-1-768x1024.jpg","type":"","width":"","height":""}],"twitter_card":"summary_large_image","twitter_site":"@FinckJerome","twitter_misc":{"Est. reading time":"2 minutes"},"schema":{"@context":"https:\/\/schema.org","@graph":[{"@type":"WebPage","@id":"https:\/\/www.touch-energy.com\/en\/en\/about\/","url":"https:\/\/www.touch-energy.com\/en\/en\/about\/","name":"\u00c0 propos | Touch&#039;Energy","isPartOf":{"@id":"https:\/\/www.touch-energy.com\/#website"},"primaryImageOfPage":{"@id":"https:\/\/www.touch-energy.com\/en\/about\/#primaryimage"},"image":{"@id":"https:\/\/www.touch-energy.com\/en\/about\/#primaryimage"},"thumbnailUrl":"http:\/\/xokzdjr.cluster030.hosting.ovh.net\/wp-content\/uploads\/2022\/09\/Jerome-Finck-massage-reiki-1-768x1024.jpg","datePublished":"2022-09-05T11:29:59+00:00","dateModified":"2022-10-17T13:21:22+00:00","description":"D\u00e9couvrez qui est J\u00e9r\u00f4me Finck de Touch'Energy : un th\u00e9rapeute sp\u00e9cialis\u00e9 en soin Reiki et en massage Amma assis et allong\u00e9 sur table.","breadcrumb":{"@id":"https:\/\/www.touch-energy.com\/en\/about\/#breadcrumb"},"inLanguage":"en-GB","potentialAction":[{"@type":"ReadAction","target":["https:\/\/www.touch-energy.com\/en\/about\/"]}]},{"@type":"ImageObject","inLanguage":"en-GB","@id":"https:\/\/www.touch-energy.com\/en\/about\/#primaryimage","url":"http:\/\/xokzdjr.cluster030.hosting.ovh.net\/wp-content\/uploads\/2022\/09\/Jerome-Finck-massage-reiki-1-768x1024.jpg","contentUrl":"http:\/\/xokzdjr.cluster030.hosting.ovh.net\/wp-content\/uploads\/2022\/09\/Jerome-Finck-massage-reiki-1-768x1024.jpg"},{"@type":"BreadcrumbList","@id":"https:\/\/www.touch-energy.com\/en\/about\/#breadcrumb","itemListElement":[{"@type":"ListItem","position":1,"name":"Welcome","item":"https:\/\/www.touch-energy.com\/"},{"@type":"ListItem","position":2,"name":"About"}]},{"@type":"WebSite","@id":"https:\/\/www.touch-energy.com\/en\/#website","url":"https:\/\/www.touch-energy.com\/en\/","name":"Touch&#039;Energy","description":"Massage Amma et Reiki \u00e0 Mulhouse, Belfort et B\u00e2les","publisher":{"@id":"https:\/\/www.touch-energy.com\/en\/#organization"},"potentialAction":[{"@type":"SearchAction","target":{"@type":"EntryPoint","urlTemplate":"https:\/\/www.touch-energy.com\/en\/?s={search_term_string}"},"query-input":{"@type":"PropertyValueSpecification","valueRequired":true,"valueName":"search_term_string"}}],"inLanguage":"en-GB"},{"@type":"Organization","@id":"https:\/\/www.touch-energy.com\/en\/#organization","name":"Touch'Energy","url":"https:\/\/www.touch-energy.com\/en\/","logo":{"@type":"ImageObject","inLanguage":"en-GB","@id":"https:\/\/www.touch-energy.com\/en\/#\/schema\/logo\/image\/","url":"https:\/\/www.touch-energy.com\/wp-content\/uploads\/2022\/09\/favicon-touchenergy-jerome-finck.webp","contentUrl":"https:\/\/www.touch-energy.com\/wp-content\/uploads\/2022\/09\/favicon-touchenergy-jerome-finck.webp","width":140,"height":137,"caption":"Touch'Energy"},"image":{"@id":"https:\/\/www.touch-energy.com\/en\/#\/schema\/logo\/image\/"},"sameAs":["https:\/\/www.facebook.com\/touchenergyjf\/","https:\/\/x.com\/FinckJerome","https:\/\/www.instagram.com\/touchenergy5\/"]}]}},"_links":{"self":[{"href":"https:\/\/www.touch-energy.com\/en\/wp-json\/wp\/v2\/pages\/34","targetHints":{"allow":["GET"]}}],"collection":[{"href":"https:\/\/www.touch-energy.com\/en\/wp-json\/wp\/v2\/pages"}],"about":[{"href":"https:\/\/www.touch-energy.com\/en\/wp-json\/wp\/v2\/types\/page"}],"author":[{"embeddable":true,"href":"https:\/\/www.touch-energy.com\/en\/wp-json\/wp\/v2\/users\/1"}],"replies":[{"embeddable":true,"href":"https:\/\/www.touch-energy.com\/en\/wp-json\/wp\/v2\/comments?post=34"}],"version-history":[{"count":1,"href":"https:\/\/www.touch-energy.com\/en\/wp-json\/wp\/v2\/pages\/34\/revisions"}],"predecessor-version":[{"id":751,"href":"https:\/\/www.touch-energy.com\/en\/wp-json\/wp\/v2\/pages\/34\/revisions\/751"}],"wp:attachment":[{"href":"https:\/\/www.touch-energy.com\/en\/wp-json\/wp\/v2\/media?parent=34"}],"curies":[{"name":"wp","href":"https:\/\/api.w.org\/{rel}","templated":true}]}}