{"id":34,"date":"2022-09-05T13:29:59","date_gmt":"2022-09-05T11:29:59","guid":{"rendered":"http:\/\/xokzdjr.cluster030.hosting.ovh.net\/?page_id=34"},"modified":"2022-10-17T15:21:22","modified_gmt":"2022-10-17T13:21:22","slug":"a-propos","status":"publish","type":"page","link":"https:\/\/www.touch-energy.com\/de\/uber\/","title":{"rendered":"\u00dcber"},"content":{"rendered":"\r\n<div class=\"wp-block-columns are-vertically-aligned-center is-layout-flex wp-container-core-columns-is-layout-9d6595d7 wp-block-columns-is-layout-flex\">\r\n\r\n\r\n<div class=\"wp-block-column is-vertically-aligned-center is-layout-flow wp-block-column-is-layout-flow\" style=\"flex-basis: 75%;\">\r\n\r\n\r\n<h2 class=\"wp-block-heading\">Vorstellen und Kennenlernen von therapeutischen Praktiken<\/h2>\r\n\r\n\r\n\r\n\r\nMein Name ist J\u00e9r\u00f4me Finck, und ich bin ein Therapeut, der auf Reiki und <a href=\"\/de\/massage-amma\/\"><strong>Amma-Massage im Sitzen und im Liegen<\/strong> <\/a>spezialisiert ist.\r\n\r\n\r\n\r\n\r\n\r\nDurch intensiven Sport und seine Verletzungen hatte ich das Gl\u00fcck, zahlreiche Behandlungstechniken zu entdecken, die es mir heute erm\u00f6glichen, Menschen zu begleiten.\r\n\r\n\r\n\r\n\r\n\r\nAls ich 2017 ein Jahr lang die Shiatsu-Praxis in der Schule ZANSHIN SHIATSU DO in Mulhouse entdeckte und praktizierte, motivierte mich das, diese Technik zu vertiefen.\r\n\r\n\r\n\r\n\r\n\r\nIm selben Jahr 2017 entdeckte ich die Technik des <strong>traditionellen Usui-<a href=\"\/de\/reiki-de\/\">Reiki<\/a><\/strong> bei Reiki-Meisterin Verena Werquin, bei der ich in den ersten Grad bis zur Meisterlehrer im Jahr 2019 eingeweiht wurde.\r\n\r\n\r\n\r\n<\/div>\r\n\r\n\r\n\r\n<div class=\"wp-block-column is-vertically-aligned-center is-layout-flow wp-block-column-is-layout-flow\" style=\"flex-basis: 25%;\">\r\n\r\n\r\n<figure class=\"wp-block-image size-large\"><img fetchpriority=\"high\" decoding=\"async\" width=\"768\" height=\"1024\" class=\"wp-image-189\" src=\"http:\/\/xokzdjr.cluster030.hosting.ovh.net\/wp-content\/uploads\/2022\/09\/Jerome-Finck-massage-reiki-1-768x1024.jpg\" alt=\"Photo portrait J\u00e9r\u00f4me Finck\" srcset=\"\/wp-content\/uploads\/2022\/09\/Jerome-Finck-massage-reiki-1-768x1024.jpg 768w, \/wp-content\/uploads\/2022\/09\/Jerome-Finck-massage-reiki-1-225x300.jpg 225w, \/wp-content\/uploads\/2022\/09\/Jerome-Finck-massage-reiki-1.jpg 960w\" sizes=\"(max-width: 768px) 100vw, 768px\" \/>\r\n<figcaption>J\u00e9r\u00f4me Finck<\/figcaption><\/figure>\r\n\r\n\r\n<\/div>\r\n\r\n\r\n<\/div>\r\n\r\n\r\n\r\n<h2 class=\"wp-block-heading\">Ausbildung bei Xavier Court<\/h2>\r\n\r\n\r\n\r\n\r\nMotiviert durch Akupressurbehandlungen, habe ich mich 2019 bei der <a href=\"https:\/\/www.xaviercourt.com\/\">Schule Xavier Court<\/a> in der Amma-Sitz-Massage ausbilden und zertifizieren lassen. Xavier Court bietet Massagekurse nach der von <strong><a href=\"http:\/\/touchpro.com\/\">David Palmer<\/a> gelehrten Technik<\/strong> an, bei dem ich meine Praxis durch die Teilnahme an mehreren seiner Masterclasses in den Jahren 2019 und 2022 perfektionieren konnte. Im Jahr 2020 bilde ich mich an der Xavier-Court-Schule bei Michael Zimmermann (der direkt bei <a href=\"http:\/\/touchpro.com\/about-touchpro\/touchpro-founder-david-palmer\/\">David Palmer<\/a> ausgebildet wurde) in der<a href=\"https:\/\/www.xaviercourt.com\/les-formations\/amma-allonge\/\"> liegenden Amma-Massage<\/a> weiter, bevor ich 2021 meine Zertifizierung ablege, gefolgt von einem Aufbaukurs, der zus\u00e4tzliche Techniken abdeckt.\r\n\r\n\r\n\r\n\r\n\r\nAu\u00dferdem habe ich mich 2018 bei <a href=\"http:\/\/www.artdelarelation.com\/biographie\/\">Sylvie Braun<\/a> in Lutterbach in bewusster und gewaltfreier Kommunikation (GfK) ausbilden lassen.\r\n\r\n\r\n\r\n\r\n<div class=\"wp-block-spacer\" style=\"height: 15px;\" aria-hidden=\"true\">&nbsp;<\/div>\r\n\r\n\r\n\r\n<div class=\"wp-block-columns is-layout-flex wp-container-core-columns-is-layout-9d6595d7 wp-block-columns-is-layout-flex\">\r\n\r\n\r\n<div class=\"wp-block-column is-vertically-aligned-center is-layout-flow wp-block-column-is-layout-flow\" style=\"flex-basis: 33.33%;\">\r\n\r\n\r\n<figure class=\"wp-block-image alignwide size-large is-style-rounded\"><img decoding=\"async\" width=\"1024\" height=\"1001\" class=\"wp-image-236\" src=\"http:\/\/xokzdjr.cluster030.hosting.ovh.net\/wp-content\/uploads\/2022\/09\/David-Palmer-et-Jerome-Finck-1024x1001.jpg\" alt=\"Photo portrait David Palmer et J\u00e9r\u00f4me Finck\" srcset=\"\/wp-content\/uploads\/2022\/09\/David-Palmer-et-Jerome-Finck-1024x1001.jpg 1024w, \/wp-content\/uploads\/2022\/09\/David-Palmer-et-Jerome-Finck-300x293.jpg 300w, \/wp-content\/uploads\/2022\/09\/David-Palmer-et-Jerome-Finck-768x750.jpg 768w, \/wp-content\/uploads\/2022\/09\/David-Palmer-et-Jerome-Finck.jpg 1048w\" sizes=\"(max-width: 1024px) 100vw, 1024px\" \/>\r\n<figcaption>David Palmer und J\u00e9r\u00f4me Finck<\/figcaption><\/figure>\r\n\r\n\r\n<\/div>\r\n\r\n\r\n\r\n<div class=\"wp-block-column is-vertically-aligned-center is-layout-flow wp-block-column-is-layout-flow\" style=\"flex-basis: 66.66%;\">\r\n\r\n\r\n<h2 class=\"wp-block-heading\">Die Wiederverbindung mit dem K\u00f6rper und der Sprache<\/h2>\r\n\r\n\r\n\r\n\r\nAls Massagetherapeut unter dem Namen <strong>Touch&#8217;Energy<\/strong> liebe ich es, meine Klienten zu ermutigen, auf ihren K\u00f6rper zu h\u00f6ren und ihre Selbstheilungskr\u00e4fte zu entdecken. Ich mag es, die Kluft zwischen westlicher Medizin und alternativer Medizin in einer sicheren und ermutigenden Atmosph\u00e4re zu \u00fcberbr\u00fccken.\r\n\r\n\r\n\r\n\r\n\r\nIch spreche flie\u00dfend Englisch, Deutsch und Franz\u00f6sisch, das meine Muttersprache ist, und <strong>arbeite in meiner Praxis, bei Ihnen zu Hause oder in Unternehmen<\/strong>.\r\n\r\n\r\n\r\n<\/div>\r\n\r\n\r\n<\/div>\r\n","protected":false},"excerpt":{"rendered":"<p>Vorstellen und Kennenlernen von therapeutischen Praktiken Mein Name ist J\u00e9r\u00f4me Finck, und ich bin ein Therapeut, der auf Reiki und Amma-Massage im Sitzen und im Liegen spezialisiert ist. Durch intensiven Sport und seine Verletzungen hatte ich das Gl\u00fcck, zahlreiche Behandlungstechniken zu entdecken, die es mir heute erm\u00f6glichen, Menschen zu begleiten. Als ich 2017 ein Jahr [&hellip;]<\/p>\n","protected":false},"author":1,"featured_media":0,"parent":0,"menu_order":0,"comment_status":"closed","ping_status":"closed","template":"","meta":{"footnotes":""},"class_list":["post-34","page","type-page","status-publish","hentry"],"yoast_head":"<!-- This site is optimized with the Yoast SEO plugin v26.6 - https:\/\/yoast.com\/wordpress\/plugins\/seo\/ -->\n<title>\u00dcber | Touch&#039;Energy<\/title>\n<meta name=\"description\" content=\"Vorstellen und Kennenlernen von therapeutischen Praktiken Mein Name ist J\u00e9r\u00f4me Finck, und ich bin ein Therapeut, der auf Reiki und Amma-Massage im Sitzen und im Liegen spezialisiert ist. Durch intensiven Sport und seine Verletzungen hatte ich das Gl\u00fcck, zahlreiche Behandlungstechniken zu entdecken, die es mir heute erm\u00f6glichen, Menschen zu begleiten. Als ich 2017 ein Jahr&hellip;\" \/>\n<meta name=\"robots\" content=\"index, follow, max-snippet:-1, max-image-preview:large, max-video-preview:-1\" \/>\n<link rel=\"canonical\" href=\"http:\/\/Vorstellen%20und%20Kennenlernen%20von%20therapeutischen%20Praktiken%20Mein%20Name%20ist%20J\u00e9r\u00f4me%20Finck,%20und%20ich%20bin%20ein%20Therapeut,%20der%20auf%20Reiki%20und%20Amma-Massage%20im%20Sitzen%20und%20im%20Liegen%20spezialisiert%20ist.%20Durch%20intensiven%20Sport%20und%20seine%20Verletzungen%20hatte%20ich%20das%20Gl\u00fcck,%20zahlreiche%20Behandlungstechniken%20zu%20entdecken,%20die%20es%20mir%20heute%20erm\u00f6glichen,%20Menschen%20zu%20begleiten.%20Als%20ich%202017%20ein%20Jahr&hellip;\" \/>\n<meta property=\"og:locale\" content=\"de_DE\" \/>\n<meta property=\"og:type\" content=\"article\" \/>\n<meta property=\"og:title\" content=\"\u00dcber | Touch&#039;Energy\" \/>\n<meta property=\"og:description\" content=\"Vorstellen und Kennenlernen von therapeutischen Praktiken Mein Name ist J\u00e9r\u00f4me Finck, und ich bin ein Therapeut, der auf Reiki und Amma-Massage im Sitzen und im Liegen spezialisiert ist. Durch intensiven Sport und seine Verletzungen hatte ich das Gl\u00fcck, zahlreiche Behandlungstechniken zu entdecken, die es mir heute erm\u00f6glichen, Menschen zu begleiten. Als ich 2017 ein Jahr&hellip;\" \/>\n<meta property=\"og:url\" content=\"https:\/\/www.touch-energy.com\/de\/uber\/\" \/>\n<meta property=\"og:site_name\" content=\"Touch&#039;Energy\" \/>\n<meta property=\"article:publisher\" content=\"https:\/\/www.facebook.com\/touchenergyjf\/\" \/>\n<meta property=\"article:modified_time\" content=\"2022-10-17T13:21:22+00:00\" \/>\n<meta property=\"og:image\" content=\"http:\/\/xokzdjr.cluster030.hosting.ovh.net\/wp-content\/uploads\/2022\/09\/Jerome-Finck-massage-reiki-1-768x1024.jpg\" \/>\n<meta name=\"twitter:card\" content=\"summary_large_image\" \/>\n<meta name=\"twitter:site\" content=\"@FinckJerome\" \/>\n<meta name=\"twitter:label1\" content=\"Gesch\u00e4tzte Lesezeit\" \/>\n\t<meta name=\"twitter:data1\" content=\"2\u00a0Minuten\" \/>\n<script type=\"application\/ld+json\" class=\"yoast-schema-graph\">{\"@context\":\"https:\/\/schema.org\",\"@graph\":[{\"@type\":\"WebPage\",\"@id\":\"https:\/\/www.touch-energy.com\/de\/de\/uber\/\",\"url\":\"https:\/\/www.touch-energy.com\/de\/de\/uber\/\",\"name\":\"\u00c0 propos | Touch&#039;Energy\",\"isPartOf\":{\"@id\":\"https:\/\/www.touch-energy.com\/#website\"},\"primaryImageOfPage\":{\"@id\":\"https:\/\/www.touch-energy.com\/de\/uber\/#primaryimage\"},\"image\":{\"@id\":\"https:\/\/www.touch-energy.com\/de\/uber\/#primaryimage\"},\"thumbnailUrl\":\"http:\/\/xokzdjr.cluster030.hosting.ovh.net\/wp-content\/uploads\/2022\/09\/Jerome-Finck-massage-reiki-1-768x1024.jpg\",\"datePublished\":\"2022-09-05T11:29:59+00:00\",\"dateModified\":\"2022-10-17T13:21:22+00:00\",\"description\":\"D\u00e9couvrez qui est J\u00e9r\u00f4me Finck de Touch'Energy : un th\u00e9rapeute sp\u00e9cialis\u00e9 en soin Reiki et en massage Amma assis et allong\u00e9 sur table.\",\"breadcrumb\":{\"@id\":\"https:\/\/www.touch-energy.com\/de\/uber\/#breadcrumb\"},\"inLanguage\":\"de\",\"potentialAction\":[{\"@type\":\"ReadAction\",\"target\":[\"https:\/\/www.touch-energy.com\/de\/uber\/\"]}]},{\"@type\":\"ImageObject\",\"inLanguage\":\"de\",\"@id\":\"https:\/\/www.touch-energy.com\/de\/uber\/#primaryimage\",\"url\":\"http:\/\/xokzdjr.cluster030.hosting.ovh.net\/wp-content\/uploads\/2022\/09\/Jerome-Finck-massage-reiki-1-768x1024.jpg\",\"contentUrl\":\"http:\/\/xokzdjr.cluster030.hosting.ovh.net\/wp-content\/uploads\/2022\/09\/Jerome-Finck-massage-reiki-1-768x1024.jpg\"},{\"@type\":\"BreadcrumbList\",\"@id\":\"https:\/\/www.touch-energy.com\/de\/uber\/#breadcrumb\",\"itemListElement\":[{\"@type\":\"ListItem\",\"position\":1,\"name\":\"Willkommen\",\"item\":\"https:\/\/www.touch-energy.com\/\"},{\"@type\":\"ListItem\",\"position\":2,\"name\":\"\u00dcber\"}]},{\"@type\":\"WebSite\",\"@id\":\"https:\/\/www.touch-energy.com\/de\/#website\",\"url\":\"https:\/\/www.touch-energy.com\/de\/\",\"name\":\"Touch&#039;Energy\",\"description\":\"Massage Amma et Reiki \u00e0 Mulhouse, Belfort et B\u00e2les\",\"publisher\":{\"@id\":\"https:\/\/www.touch-energy.com\/de\/#organization\"},\"potentialAction\":[{\"@type\":\"SearchAction\",\"target\":{\"@type\":\"EntryPoint\",\"urlTemplate\":\"https:\/\/www.touch-energy.com\/de\/?s={search_term_string}\"},\"query-input\":{\"@type\":\"PropertyValueSpecification\",\"valueRequired\":true,\"valueName\":\"search_term_string\"}}],\"inLanguage\":\"de\"},{\"@type\":\"Organization\",\"@id\":\"https:\/\/www.touch-energy.com\/de\/#organization\",\"name\":\"Touch'Energy\",\"url\":\"https:\/\/www.touch-energy.com\/de\/\",\"logo\":{\"@type\":\"ImageObject\",\"inLanguage\":\"de\",\"@id\":\"https:\/\/www.touch-energy.com\/de\/#\/schema\/logo\/image\/\",\"url\":\"https:\/\/www.touch-energy.com\/wp-content\/uploads\/2022\/09\/favicon-touchenergy-jerome-finck.webp\",\"contentUrl\":\"https:\/\/www.touch-energy.com\/wp-content\/uploads\/2022\/09\/favicon-touchenergy-jerome-finck.webp\",\"width\":140,\"height\":137,\"caption\":\"Touch'Energy\"},\"image\":{\"@id\":\"https:\/\/www.touch-energy.com\/de\/#\/schema\/logo\/image\/\"},\"sameAs\":[\"https:\/\/www.facebook.com\/touchenergyjf\/\",\"https:\/\/x.com\/FinckJerome\",\"https:\/\/www.instagram.com\/touchenergy5\/\"]}]}<\/script>\n<!-- \/ Yoast SEO plugin. -->","yoast_head_json":{"title":"\u00dcber | Touch&#039;Energy","description":"Vorstellen und Kennenlernen von therapeutischen Praktiken Mein Name ist J\u00e9r\u00f4me Finck, und ich bin ein Therapeut, der auf Reiki und Amma-Massage im Sitzen und im Liegen spezialisiert ist. Durch intensiven Sport und seine Verletzungen hatte ich das Gl\u00fcck, zahlreiche Behandlungstechniken zu entdecken, die es mir heute erm\u00f6glichen, Menschen zu begleiten. Als ich 2017 ein Jahr&hellip;","robots":{"index":"index","follow":"follow","max-snippet":"max-snippet:-1","max-image-preview":"max-image-preview:large","max-video-preview":"max-video-preview:-1"},"canonical":"Vorstellen und Kennenlernen von therapeutischen Praktiken Mein Name ist J\u00e9r\u00f4me Finck, und ich bin ein Therapeut, der auf Reiki und Amma-Massage im Sitzen und im Liegen spezialisiert ist. Durch intensiven Sport und seine Verletzungen hatte ich das Gl\u00fcck, zahlreiche Behandlungstechniken zu entdecken, die es mir heute erm\u00f6glichen, Menschen zu begleiten. Als ich 2017 ein Jahr&hellip;","og_locale":"de_DE","og_type":"article","og_title":"\u00dcber | Touch&#039;Energy","og_description":"Vorstellen und Kennenlernen von therapeutischen Praktiken Mein Name ist J\u00e9r\u00f4me Finck, und ich bin ein Therapeut, der auf Reiki und Amma-Massage im Sitzen und im Liegen spezialisiert ist. Durch intensiven Sport und seine Verletzungen hatte ich das Gl\u00fcck, zahlreiche Behandlungstechniken zu entdecken, die es mir heute erm\u00f6glichen, Menschen zu begleiten. Als ich 2017 ein Jahr&hellip;","og_url":"https:\/\/www.touch-energy.com\/de\/uber\/","og_site_name":"Touch&#039;Energy","article_publisher":"https:\/\/www.facebook.com\/touchenergyjf\/","article_modified_time":"2022-10-17T13:21:22+00:00","og_image":[{"url":"http:\/\/xokzdjr.cluster030.hosting.ovh.net\/wp-content\/uploads\/2022\/09\/Jerome-Finck-massage-reiki-1-768x1024.jpg","type":"","width":"","height":""}],"twitter_card":"summary_large_image","twitter_site":"@FinckJerome","twitter_misc":{"Gesch\u00e4tzte Lesezeit":"2\u00a0Minuten"},"schema":{"@context":"https:\/\/schema.org","@graph":[{"@type":"WebPage","@id":"https:\/\/www.touch-energy.com\/de\/de\/uber\/","url":"https:\/\/www.touch-energy.com\/de\/de\/uber\/","name":"\u00c0 propos | Touch&#039;Energy","isPartOf":{"@id":"https:\/\/www.touch-energy.com\/#website"},"primaryImageOfPage":{"@id":"https:\/\/www.touch-energy.com\/de\/uber\/#primaryimage"},"image":{"@id":"https:\/\/www.touch-energy.com\/de\/uber\/#primaryimage"},"thumbnailUrl":"http:\/\/xokzdjr.cluster030.hosting.ovh.net\/wp-content\/uploads\/2022\/09\/Jerome-Finck-massage-reiki-1-768x1024.jpg","datePublished":"2022-09-05T11:29:59+00:00","dateModified":"2022-10-17T13:21:22+00:00","description":"D\u00e9couvrez qui est J\u00e9r\u00f4me Finck de Touch'Energy : un th\u00e9rapeute sp\u00e9cialis\u00e9 en soin Reiki et en massage Amma assis et allong\u00e9 sur table.","breadcrumb":{"@id":"https:\/\/www.touch-energy.com\/de\/uber\/#breadcrumb"},"inLanguage":"de","potentialAction":[{"@type":"ReadAction","target":["https:\/\/www.touch-energy.com\/de\/uber\/"]}]},{"@type":"ImageObject","inLanguage":"de","@id":"https:\/\/www.touch-energy.com\/de\/uber\/#primaryimage","url":"http:\/\/xokzdjr.cluster030.hosting.ovh.net\/wp-content\/uploads\/2022\/09\/Jerome-Finck-massage-reiki-1-768x1024.jpg","contentUrl":"http:\/\/xokzdjr.cluster030.hosting.ovh.net\/wp-content\/uploads\/2022\/09\/Jerome-Finck-massage-reiki-1-768x1024.jpg"},{"@type":"BreadcrumbList","@id":"https:\/\/www.touch-energy.com\/de\/uber\/#breadcrumb","itemListElement":[{"@type":"ListItem","position":1,"name":"Willkommen","item":"https:\/\/www.touch-energy.com\/"},{"@type":"ListItem","position":2,"name":"\u00dcber"}]},{"@type":"WebSite","@id":"https:\/\/www.touch-energy.com\/de\/#website","url":"https:\/\/www.touch-energy.com\/de\/","name":"Touch&#039;Energy","description":"Massage Amma et Reiki \u00e0 Mulhouse, Belfort et B\u00e2les","publisher":{"@id":"https:\/\/www.touch-energy.com\/de\/#organization"},"potentialAction":[{"@type":"SearchAction","target":{"@type":"EntryPoint","urlTemplate":"https:\/\/www.touch-energy.com\/de\/?s={search_term_string}"},"query-input":{"@type":"PropertyValueSpecification","valueRequired":true,"valueName":"search_term_string"}}],"inLanguage":"de"},{"@type":"Organization","@id":"https:\/\/www.touch-energy.com\/de\/#organization","name":"Touch'Energy","url":"https:\/\/www.touch-energy.com\/de\/","logo":{"@type":"ImageObject","inLanguage":"de","@id":"https:\/\/www.touch-energy.com\/de\/#\/schema\/logo\/image\/","url":"https:\/\/www.touch-energy.com\/wp-content\/uploads\/2022\/09\/favicon-touchenergy-jerome-finck.webp","contentUrl":"https:\/\/www.touch-energy.com\/wp-content\/uploads\/2022\/09\/favicon-touchenergy-jerome-finck.webp","width":140,"height":137,"caption":"Touch'Energy"},"image":{"@id":"https:\/\/www.touch-energy.com\/de\/#\/schema\/logo\/image\/"},"sameAs":["https:\/\/www.facebook.com\/touchenergyjf\/","https:\/\/x.com\/FinckJerome","https:\/\/www.instagram.com\/touchenergy5\/"]}]}},"_links":{"self":[{"href":"https:\/\/www.touch-energy.com\/de\/wp-json\/wp\/v2\/pages\/34","targetHints":{"allow":["GET"]}}],"collection":[{"href":"https:\/\/www.touch-energy.com\/de\/wp-json\/wp\/v2\/pages"}],"about":[{"href":"https:\/\/www.touch-energy.com\/de\/wp-json\/wp\/v2\/types\/page"}],"author":[{"embeddable":true,"href":"https:\/\/www.touch-energy.com\/de\/wp-json\/wp\/v2\/users\/1"}],"replies":[{"embeddable":true,"href":"https:\/\/www.touch-energy.com\/de\/wp-json\/wp\/v2\/comments?post=34"}],"version-history":[{"count":1,"href":"https:\/\/www.touch-energy.com\/de\/wp-json\/wp\/v2\/pages\/34\/revisions"}],"predecessor-version":[{"id":751,"href":"https:\/\/www.touch-energy.com\/de\/wp-json\/wp\/v2\/pages\/34\/revisions\/751"}],"wp:attachment":[{"href":"https:\/\/www.touch-energy.com\/de\/wp-json\/wp\/v2\/media?parent=34"}],"curies":[{"name":"wp","href":"https:\/\/api.w.org\/{rel}","templated":true}]}}