{"id":32,"date":"2022-09-05T13:29:28","date_gmt":"2022-09-05T11:29:28","guid":{"rendered":"http:\/\/xokzdjr.cluster030.hosting.ovh.net\/?page_id=32"},"modified":"2025-12-28T14:27:09","modified_gmt":"2025-12-28T13:27:09","slug":"contact-rdv","status":"publish","type":"page","link":"https:\/\/www.touch-energy.com\/de\/kontakt\/","title":{"rendered":"Kontakt"},"content":{"rendered":"\r\n<p class=\"has-text-align-center\">F\u00fcr Informationsanfragen, Terminvereinbarungen, Terminabsagen oder andere Gr\u00fcnde kontaktieren Sie bitte J\u00e9r\u00f4me FINCK von <a href=\"\/de\/uber\/\">Touch&#8217;Energy<\/a> per Telefonanruf oder \u00fcber das unten stehende Formular.<\/p>\r\n\r\n\r\n\r\n\r\n<hr class=\"wp-block-separator has-alpha-channel-opacity\" \/>\r\n\r\n\r\n\r\n\r\n<h2 class=\"has-text-align-center wp-block-heading\">Kontaktformular<\/h2>\r\n\r\n\r\n\r\n<div class=\"wp-block-contact-form-7-contact-form-selector\">\n<div class=\"wpcf7 no-js\" id=\"wpcf7-f385-o1\" lang=\"fr-FR\" dir=\"ltr\" data-wpcf7-id=\"385\">\n<div class=\"screen-reader-response\"><p role=\"status\" aria-live=\"polite\" aria-atomic=\"true\"><\/p> <ul><\/ul><\/div>\n<form action=\"\/de\/wp-json\/wp\/v2\/pages\/32#wpcf7-f385-o1\" method=\"post\" class=\"wpcf7-form init\" aria-label=\"Formulaire de contact\" novalidate=\"novalidate\" data-status=\"init\">\n<div style=\"display: none;\">\n<input type=\"hidden\" name=\"_wpcf7\" value=\"385\" \/>\n<input type=\"hidden\" name=\"_wpcf7_version\" value=\"6.0.6\" \/>\n<input type=\"hidden\" name=\"_wpcf7_locale\" value=\"fr_FR\" \/>\n<input type=\"hidden\" name=\"_wpcf7_unit_tag\" value=\"wpcf7-f385-o1\" \/>\n<input type=\"hidden\" name=\"_wpcf7_container_post\" value=\"0\" \/>\n<input type=\"hidden\" name=\"_wpcf7_posted_data_hash\" value=\"\" \/>\n<input type=\"hidden\" name=\"_wpcf7_recaptcha_response\" value=\"\" \/>\n<\/div>\n<p><label> Name und Vorname<br \/>\n<span class=\"wpcf7-form-control-wrap\" data-name=\"nom-prenom\"><input size=\"40\" maxlength=\"400\" class=\"wpcf7-form-control wpcf7-text wpcf7-validates-as-required\" aria-required=\"true\" aria-invalid=\"false\" value=\"\" type=\"text\" name=\"nom-prenom\" \/><\/span> <\/label>\n<\/p>\n<p><label> Firmenname (optional)<br \/>\n<span class=\"wpcf7-form-control-wrap\" data-name=\"raison-sociale\"><input size=\"40\" maxlength=\"400\" class=\"wpcf7-form-control wpcf7-text\" aria-invalid=\"false\" value=\"\" type=\"text\" name=\"raison-sociale\" \/><\/span> <\/label>\n<\/p>\n<p><label> E-mail<br \/>\n<span class=\"wpcf7-form-control-wrap\" data-name=\"email\"><input size=\"40\" maxlength=\"400\" class=\"wpcf7-form-control wpcf7-email wpcf7-validates-as-required wpcf7-text wpcf7-validates-as-email\" aria-required=\"true\" aria-invalid=\"false\" value=\"\" type=\"email\" name=\"email\" \/><\/span> <\/label>\n<\/p>\n<p><label> Telefonnummer<br \/>\n<span class=\"wpcf7-form-control-wrap\" data-name=\"telephone\"><input size=\"40\" maxlength=\"400\" class=\"wpcf7-form-control wpcf7-tel wpcf7-validates-as-required wpcf7-text wpcf7-validates-as-tel\" aria-required=\"true\" aria-invalid=\"false\" value=\"\" type=\"tel\" name=\"telephone\" \/><\/span> <\/label>\n<\/p>\n<p><label> Objekt<br \/>\n<span class=\"wpcf7-form-control-wrap\" data-name=\"menu-objet\"><select class=\"wpcf7-form-control wpcf7-select wpcf7-validates-as-required\" aria-required=\"true\" aria-invalid=\"false\" name=\"menu-objet\"><option value=\"\">&#8212;Veuillez choisir une option&#8212;<\/option><option value=\"Informationsanfrage\">Informationsanfrage<\/option><option value=\"RDV : Amma-Massage im Sitzen\">RDV : Amma-Massage im Sitzen<\/option><option value=\"RDV : Amma-Massage auf dem Tisch\">RDV : Amma-Massage auf dem Tisch<\/option><option value=\"RDV : Reiki\">RDV : Reiki<\/option><option value=\"Absage eines RDV\">Absage eines RDV<\/option><option value=\"Gesch\u00e4ftlicher Kontakt \/ Sitzung in einem Unternehmen\">Gesch\u00e4ftlicher Kontakt \/ Sitzung in einem Unternehmen<\/option><\/select><\/span> <\/label>\n<\/p>\n<p><label> Ort der Sitzung<br \/>\n<span class=\"wpcf7-form-control-wrap\" data-name=\"menu-lieu-seance\"><select class=\"wpcf7-form-control wpcf7-select wpcf7-validates-as-required\" aria-required=\"true\" aria-invalid=\"false\" name=\"menu-lieu-seance\"><option value=\"\">&#8212;Veuillez choisir une option&#8212;<\/option><option value=\"Frankreich\">Frankreich<\/option><\/select><\/span> <\/label>\n<\/p>\n<p><label> Nachricht<br \/>\n<span class=\"wpcf7-form-control-wrap\" data-name=\"message\"><textarea cols=\"40\" rows=\"10\" maxlength=\"2000\" class=\"wpcf7-form-control wpcf7-textarea wpcf7-validates-as-required\" aria-required=\"true\" aria-invalid=\"false\" name=\"message\"><\/textarea><\/span> <\/label>\n<\/p>\n<p><input class=\"wpcf7-form-control wpcf7-submit has-spinner\" type=\"submit\" value=\"Senden Sie\" \/>\n<\/p><div class=\"wpcf7-response-output\" aria-hidden=\"true\"><\/div>\n<\/form>\n<\/div>\n<\/div>\r\n\r\n\r\n\r\n\r\n<hr class=\"wp-block-separator has-alpha-channel-opacity\" \/>\r\n\r\n\r\n\r\n\r\n<div class=\"wp-block-columns is-layout-flex wp-container-core-columns-is-layout-9d6595d7 wp-block-columns-is-layout-flex\">\r\n\r\n\r\n<div class=\"wp-block-column is-layout-flow wp-block-column-is-layout-flow\">\r\n\r\n\r\n<h2 class=\"has-text-align-center wp-block-heading\">Frankreich<\/h2>\r\n\r\n\r\n\r\n<p class=\"has-text-align-center\">Sitzung in der Praxis oder im Unternehmen<\/p>\r\n\r\n\r\n\r\n<div class=\"wp-block-buttons is-content-justification-center is-layout-flex wp-container-core-buttons-is-layout-16018d1d wp-block-buttons-is-layout-flex\">\r\n\r\n\r\n<div class=\"wp-block-button aligncenter\"><a class=\"wp-block-button__link\" href=\"tel:+33681472409\">Telefon : +33 6 81 47 24 09<\/a><\/div>\r\n\r\n\r\n<\/div>\r\n\r\n\r\n\r\n<p class=\"has-text-align-center\">Postanschrift : <a href=\"https:\/\/www.google.com\/maps\/place\/99+Gr+Grand+Rue,+68780+Le+Haut-Soultzbach\/@47.725834,7.06644,17z\/data=!3m1!4b1!4m5!3m4!1s0x47922841b1b1e183:0xa4c7e38734f38359!8m2!3d47.7258304!4d7.0686287\" target=\"_blank\" rel=\"noreferrer noopener\">99 gr Grand Rue, FR-68780 Soppe-le-Haut<\/a><\/p>\r\n\r\n\r\n<div class=\"wp-block-image\">\r\n<figure class=\"aligncenter size-full\"><a href=\"https:\/\/www.google.com\/maps\/place\/99+Gr+Grand+Rue,+68780+Le+Haut-Soultzbach\/@47.725834,7.06644,17z\/data=!3m1!4b1!4m5!3m4!1s0x47922841b1b1e183:0xa4c7e38734f38359!8m2!3d47.7258304!4d7.0686287\"><img fetchpriority=\"high\" decoding=\"async\" width=\"500\" height=\"500\" class=\"wp-image-154\" src=\"https:\/\/www.touch-energy.com\/wp-content\/uploads\/2022\/09\/Adresse-TouchEnergy-Fr-2.png\" alt=\"Photo adresse Touch'Energy Soppe-Le-Haut\" srcset=\"\/wp-content\/uploads\/2022\/09\/Adresse-TouchEnergy-Fr-2.png 500w, \/wp-content\/uploads\/2022\/09\/Adresse-TouchEnergy-Fr-2-300x300.png 300w, \/wp-content\/uploads\/2022\/09\/Adresse-TouchEnergy-Fr-2-150x150.png 150w\" sizes=\"(max-width: 500px) 100vw, 500px\" \/><\/a><\/figure>\r\n<\/div>\r\n\r\n<\/div>\r\n\r\n\r\n\r\n<div class=\"wp-block-column is-layout-flow wp-block-column-is-layout-flow\">\r\n\r\n\r\n<figure class=\"wp-block-image aligncenter size-full\"><\/figure>\r\n\r\n\r\n<\/div>\r\n\r\n\r\n<\/div>\r\n","protected":false},"excerpt":{"rendered":"<p>F\u00fcr Informationsanfragen, Terminvereinbarungen, Terminabsagen oder andere Gr\u00fcnde kontaktieren Sie bitte J\u00e9r\u00f4me FINCK von Touch&#8217;Energy per Telefonanruf oder \u00fcber das unten stehende Formular. Kontaktformular Name und Vorname Firmenname (optional) E-mail Telefonnummer Objekt &#8212;Veuillez choisir une option&#8212;InformationsanfrageRDV : Amma-Massage im SitzenRDV : Amma-Massage auf dem TischRDV : ReikiAbsage eines RDVGesch\u00e4ftlicher Kontakt \/ Sitzung in einem Unternehmen Ort [&hellip;]<\/p>\n","protected":false},"author":1,"featured_media":0,"parent":0,"menu_order":0,"comment_status":"closed","ping_status":"closed","template":"","meta":{"footnotes":""},"class_list":["post-32","page","type-page","status-publish","hentry"],"yoast_head":"<!-- This site is optimized with the Yoast SEO plugin v26.6 - https:\/\/yoast.com\/wordpress\/plugins\/seo\/ -->\n<title>Kontakt<\/title>\n<meta name=\"description\" content=\"F\u00fcr Informationsanfragen, Terminvereinbarungen, Terminabsagen oder andere Gr\u00fcnde kontaktieren Sie bitte J\u00e9r\u00f4me FINCK von Touch&#039;Energy per Telefonanruf oder \u00fcber das unten stehende Formular. Kontaktformular [contact-form-7 id=&quot;385&quot; title=&quot;Formulaire de contact 1 (DE)&quot;] Frankreich Sitzung in der Praxis oder im Unternehmen Telefon : +33 6 81 47 24 09 Postanschrift : 99 gr Grand Rue, FR-68780 Soppe-le-Haut\" \/>\n<meta name=\"robots\" content=\"index, follow, max-snippet:-1, max-image-preview:large, max-video-preview:-1\" \/>\n<link rel=\"canonical\" href=\"\" \/>\n<meta property=\"og:locale\" content=\"de_DE\" \/>\n<meta property=\"og:type\" content=\"article\" \/>\n<meta property=\"og:title\" content=\"Kontakt\" \/>\n<meta property=\"og:description\" content=\"F\u00fcr Informationsanfragen, Terminvereinbarungen, Terminabsagen oder andere Gr\u00fcnde kontaktieren Sie bitte J\u00e9r\u00f4me FINCK von Touch&#039;Energy per Telefonanruf oder \u00fcber das unten stehende Formular. Kontaktformular [contact-form-7 id=&quot;385&quot; title=&quot;Formulaire de contact 1 (DE)&quot;] Frankreich Sitzung in der Praxis oder im Unternehmen Telefon : +33 6 81 47 24 09 Postanschrift : 99 gr Grand Rue, FR-68780 Soppe-le-Haut\" \/>\n<meta property=\"og:url\" content=\"https:\/\/www.touch-energy.com\/de\/kontakt\/\" \/>\n<meta property=\"og:site_name\" content=\"Touch&#039;Energy\" \/>\n<meta property=\"article:publisher\" content=\"https:\/\/www.facebook.com\/touchenergyjf\/\" \/>\n<meta property=\"article:modified_time\" content=\"2025-12-28T13:27:09+00:00\" \/>\n<meta property=\"og:image\" content=\"https:\/\/www.touch-energy.com\/wp-content\/uploads\/2022\/09\/Adresse-TouchEnergy-Fr-2.png\" \/>\n\t<meta property=\"og:image:width\" content=\"500\" \/>\n\t<meta property=\"og:image:height\" content=\"500\" \/>\n\t<meta property=\"og:image:type\" content=\"image\/png\" \/>\n<meta name=\"twitter:card\" content=\"summary_large_image\" \/>\n<meta name=\"twitter:site\" content=\"@FinckJerome\" \/>\n<meta name=\"twitter:label1\" content=\"Gesch\u00e4tzte Lesezeit\" \/>\n\t<meta name=\"twitter:data1\" content=\"1\u00a0Minute\" \/>\n<script type=\"application\/ld+json\" class=\"yoast-schema-graph\">{\"@context\":\"https:\/\/schema.org\",\"@graph\":[{\"@type\":\"WebPage\",\"@id\":\"https:\/\/www.touch-energy.com\/de\/de\/kontakt\/\",\"url\":\"https:\/\/www.touch-energy.com\/de\/de\/kontakt\/\",\"name\":\"Contacter J\u00e9r\u00f4me Finck\",\"isPartOf\":{\"@id\":\"https:\/\/www.touch-energy.com\/#website\"},\"primaryImageOfPage\":{\"@id\":\"https:\/\/www.touch-energy.com\/de\/kontakt\/#primaryimage\"},\"image\":{\"@id\":\"https:\/\/www.touch-energy.com\/de\/kontakt\/#primaryimage\"},\"thumbnailUrl\":\"https:\/\/www.touch-energy.com\/wp-content\/uploads\/2022\/09\/Adresse-TouchEnergy-Fr-2.png\",\"datePublished\":\"2022-09-05T11:29:28+00:00\",\"dateModified\":\"2025-12-28T13:27:09+00:00\",\"description\":\"Prenez contact avec J\u00e9r\u00f4me Finck de Touch'Energy : prise de rendez-vous, demande de renseignements sur les service de massage ou de reiki.\",\"breadcrumb\":{\"@id\":\"https:\/\/www.touch-energy.com\/de\/kontakt\/#breadcrumb\"},\"inLanguage\":\"de\",\"potentialAction\":[{\"@type\":\"ReadAction\",\"target\":[\"https:\/\/www.touch-energy.com\/de\/kontakt\/\"]}]},{\"@type\":\"ImageObject\",\"inLanguage\":\"de\",\"@id\":\"https:\/\/www.touch-energy.com\/de\/kontakt\/#primaryimage\",\"url\":\"https:\/\/www.touch-energy.com\/wp-content\/uploads\/2022\/09\/Adresse-TouchEnergy-Fr-2.png\",\"contentUrl\":\"https:\/\/www.touch-energy.com\/wp-content\/uploads\/2022\/09\/Adresse-TouchEnergy-Fr-2.png\"},{\"@type\":\"BreadcrumbList\",\"@id\":\"https:\/\/www.touch-energy.com\/de\/kontakt\/#breadcrumb\",\"itemListElement\":[{\"@type\":\"ListItem\",\"position\":1,\"name\":\"Willkommen\",\"item\":\"https:\/\/www.touch-energy.com\/\"},{\"@type\":\"ListItem\",\"position\":2,\"name\":\"Kontakt\"}]},{\"@type\":\"WebSite\",\"@id\":\"https:\/\/www.touch-energy.com\/de\/#website\",\"url\":\"https:\/\/www.touch-energy.com\/de\/\",\"name\":\"Touch&#039;Energy\",\"description\":\"Massage Amma et Reiki \u00e0 Mulhouse, Belfort et B\u00e2les\",\"publisher\":{\"@id\":\"https:\/\/www.touch-energy.com\/de\/#organization\"},\"potentialAction\":[{\"@type\":\"SearchAction\",\"target\":{\"@type\":\"EntryPoint\",\"urlTemplate\":\"https:\/\/www.touch-energy.com\/de\/?s={search_term_string}\"},\"query-input\":{\"@type\":\"PropertyValueSpecification\",\"valueRequired\":true,\"valueName\":\"search_term_string\"}}],\"inLanguage\":\"de\"},{\"@type\":\"Organization\",\"@id\":\"https:\/\/www.touch-energy.com\/de\/#organization\",\"name\":\"Touch'Energy\",\"url\":\"https:\/\/www.touch-energy.com\/de\/\",\"logo\":{\"@type\":\"ImageObject\",\"inLanguage\":\"de\",\"@id\":\"https:\/\/www.touch-energy.com\/de\/#\/schema\/logo\/image\/\",\"url\":\"https:\/\/www.touch-energy.com\/wp-content\/uploads\/2022\/09\/favicon-touchenergy-jerome-finck.webp\",\"contentUrl\":\"https:\/\/www.touch-energy.com\/wp-content\/uploads\/2022\/09\/favicon-touchenergy-jerome-finck.webp\",\"width\":140,\"height\":137,\"caption\":\"Touch'Energy\"},\"image\":{\"@id\":\"https:\/\/www.touch-energy.com\/de\/#\/schema\/logo\/image\/\"},\"sameAs\":[\"https:\/\/www.facebook.com\/touchenergyjf\/\",\"https:\/\/x.com\/FinckJerome\",\"https:\/\/www.instagram.com\/touchenergy5\/\"]}]}<\/script>\n<!-- \/ Yoast SEO plugin. -->","yoast_head_json":{"title":"Kontakt","description":"F\u00fcr Informationsanfragen, Terminvereinbarungen, Terminabsagen oder andere Gr\u00fcnde kontaktieren Sie bitte J\u00e9r\u00f4me FINCK von Touch'Energy per Telefonanruf oder \u00fcber das unten stehende Formular. Kontaktformular [contact-form-7 id=\"385\" title=\"Formulaire de contact 1 (DE)\"] Frankreich Sitzung in der Praxis oder im Unternehmen Telefon : +33 6 81 47 24 09 Postanschrift : 99 gr Grand Rue, FR-68780 Soppe-le-Haut","robots":{"index":"index","follow":"follow","max-snippet":"max-snippet:-1","max-image-preview":"max-image-preview:large","max-video-preview":"max-video-preview:-1"},"canonical":"F\u00fcr Informationsanfragen, Terminvereinbarungen, Terminabsagen oder andere Gr\u00fcnde kontaktieren Sie bitte J\u00e9r\u00f4me FINCK von Touch'Energy per Telefonanruf oder \u00fcber das unten stehende Formular. Kontaktformular [contact-form-7 id=\"385\" title=\"Formulaire de contact 1 (DE)\"] Frankreich Sitzung in der Praxis oder im Unternehmen Telefon :  33 6 81 47 24 09 Postanschrift : 99 gr Grand Rue, FR-68780 Soppe-le-Haut","og_locale":"de_DE","og_type":"article","og_title":"Kontakt","og_description":"F\u00fcr Informationsanfragen, Terminvereinbarungen, Terminabsagen oder andere Gr\u00fcnde kontaktieren Sie bitte J\u00e9r\u00f4me FINCK von Touch'Energy per Telefonanruf oder \u00fcber das unten stehende Formular. Kontaktformular [contact-form-7 id=\"385\" title=\"Formulaire de contact 1 (DE)\"] Frankreich Sitzung in der Praxis oder im Unternehmen Telefon : +33 6 81 47 24 09 Postanschrift : 99 gr Grand Rue, FR-68780 Soppe-le-Haut","og_url":"https:\/\/www.touch-energy.com\/de\/kontakt\/","og_site_name":"Touch&#039;Energy","article_publisher":"https:\/\/www.facebook.com\/touchenergyjf\/","article_modified_time":"2025-12-28T13:27:09+00:00","og_image":[{"width":500,"height":500,"url":"https:\/\/www.touch-energy.com\/wp-content\/uploads\/2022\/09\/Adresse-TouchEnergy-Fr-2.png","type":"image\/png"}],"twitter_card":"summary_large_image","twitter_site":"@FinckJerome","twitter_misc":{"Gesch\u00e4tzte Lesezeit":"1\u00a0Minute"},"schema":{"@context":"https:\/\/schema.org","@graph":[{"@type":"WebPage","@id":"https:\/\/www.touch-energy.com\/de\/de\/kontakt\/","url":"https:\/\/www.touch-energy.com\/de\/de\/kontakt\/","name":"Contacter J\u00e9r\u00f4me Finck","isPartOf":{"@id":"https:\/\/www.touch-energy.com\/#website"},"primaryImageOfPage":{"@id":"https:\/\/www.touch-energy.com\/de\/kontakt\/#primaryimage"},"image":{"@id":"https:\/\/www.touch-energy.com\/de\/kontakt\/#primaryimage"},"thumbnailUrl":"https:\/\/www.touch-energy.com\/wp-content\/uploads\/2022\/09\/Adresse-TouchEnergy-Fr-2.png","datePublished":"2022-09-05T11:29:28+00:00","dateModified":"2025-12-28T13:27:09+00:00","description":"Prenez contact avec J\u00e9r\u00f4me Finck de Touch'Energy : prise de rendez-vous, demande de renseignements sur les service de massage ou de reiki.","breadcrumb":{"@id":"https:\/\/www.touch-energy.com\/de\/kontakt\/#breadcrumb"},"inLanguage":"de","potentialAction":[{"@type":"ReadAction","target":["https:\/\/www.touch-energy.com\/de\/kontakt\/"]}]},{"@type":"ImageObject","inLanguage":"de","@id":"https:\/\/www.touch-energy.com\/de\/kontakt\/#primaryimage","url":"https:\/\/www.touch-energy.com\/wp-content\/uploads\/2022\/09\/Adresse-TouchEnergy-Fr-2.png","contentUrl":"https:\/\/www.touch-energy.com\/wp-content\/uploads\/2022\/09\/Adresse-TouchEnergy-Fr-2.png"},{"@type":"BreadcrumbList","@id":"https:\/\/www.touch-energy.com\/de\/kontakt\/#breadcrumb","itemListElement":[{"@type":"ListItem","position":1,"name":"Willkommen","item":"https:\/\/www.touch-energy.com\/"},{"@type":"ListItem","position":2,"name":"Kontakt"}]},{"@type":"WebSite","@id":"https:\/\/www.touch-energy.com\/de\/#website","url":"https:\/\/www.touch-energy.com\/de\/","name":"Touch&#039;Energy","description":"Massage Amma et Reiki \u00e0 Mulhouse, Belfort et B\u00e2les","publisher":{"@id":"https:\/\/www.touch-energy.com\/de\/#organization"},"potentialAction":[{"@type":"SearchAction","target":{"@type":"EntryPoint","urlTemplate":"https:\/\/www.touch-energy.com\/de\/?s={search_term_string}"},"query-input":{"@type":"PropertyValueSpecification","valueRequired":true,"valueName":"search_term_string"}}],"inLanguage":"de"},{"@type":"Organization","@id":"https:\/\/www.touch-energy.com\/de\/#organization","name":"Touch'Energy","url":"https:\/\/www.touch-energy.com\/de\/","logo":{"@type":"ImageObject","inLanguage":"de","@id":"https:\/\/www.touch-energy.com\/de\/#\/schema\/logo\/image\/","url":"https:\/\/www.touch-energy.com\/wp-content\/uploads\/2022\/09\/favicon-touchenergy-jerome-finck.webp","contentUrl":"https:\/\/www.touch-energy.com\/wp-content\/uploads\/2022\/09\/favicon-touchenergy-jerome-finck.webp","width":140,"height":137,"caption":"Touch'Energy"},"image":{"@id":"https:\/\/www.touch-energy.com\/de\/#\/schema\/logo\/image\/"},"sameAs":["https:\/\/www.facebook.com\/touchenergyjf\/","https:\/\/x.com\/FinckJerome","https:\/\/www.instagram.com\/touchenergy5\/"]}]}},"_links":{"self":[{"href":"https:\/\/www.touch-energy.com\/de\/wp-json\/wp\/v2\/pages\/32","targetHints":{"allow":["GET"]}}],"collection":[{"href":"https:\/\/www.touch-energy.com\/de\/wp-json\/wp\/v2\/pages"}],"about":[{"href":"https:\/\/www.touch-energy.com\/de\/wp-json\/wp\/v2\/types\/page"}],"author":[{"embeddable":true,"href":"https:\/\/www.touch-energy.com\/de\/wp-json\/wp\/v2\/users\/1"}],"replies":[{"embeddable":true,"href":"https:\/\/www.touch-energy.com\/de\/wp-json\/wp\/v2\/comments?post=32"}],"version-history":[{"count":12,"href":"https:\/\/www.touch-energy.com\/de\/wp-json\/wp\/v2\/pages\/32\/revisions"}],"predecessor-version":[{"id":786,"href":"https:\/\/www.touch-energy.com\/de\/wp-json\/wp\/v2\/pages\/32\/revisions\/786"}],"wp:attachment":[{"href":"https:\/\/www.touch-energy.com\/de\/wp-json\/wp\/v2\/media?parent=32"}],"curies":[{"name":"wp","href":"https:\/\/api.w.org\/{rel}","templated":true}]}}